{"id":1343,"date":"2024-02-23T09:39:27","date_gmt":"2024-02-23T08:39:27","guid":{"rendered":"https:\/\/kserodruk.com.pl\/?page_id=1343"},"modified":"2024-03-11T11:30:34","modified_gmt":"2024-03-11T10:30:34","slug":"o-firmie-2","status":"publish","type":"page","link":"http:\/\/kserodruk.com.pl\/?page_id=1343","title":{"rendered":"O firmie"},"content":{"rendered":"\t\t<div data-elementor-type=\"wp-page\" data-elementor-id=\"1343\" class=\"elementor elementor-1343\" data-elementor-post-type=\"page\">\n\t\t\t\t<div class=\"elementor-element elementor-element-35bf2e7 e-flex e-con-boxed e-con e-parent\" data-id=\"35bf2e7\" data-element_type=\"container\" data-settings=\"{&quot;content_width&quot;:&quot;boxed&quot;}\" data-core-v316-plus=\"true\">\n\t\t\t\t\t<div class=\"e-con-inner\">\n\t\t\t\t<div class=\"elementor-element elementor-element-2b1fdbd elementor-invisible elementor-widget elementor-widget-image\" data-id=\"2b1fdbd\" data-element_type=\"widget\" data-settings=\"{&quot;_animation&quot;:&quot;fadeInLeft&quot;}\" data-widget_type=\"image.default\">\n\t\t\t\t<div class=\"elementor-widget-container\">\n\t\t\t<style>\/*! elementor - v3.19.0 - 07-02-2024 *\/\n.elementor-widget-image{text-align:center}.elementor-widget-image a{display:inline-block}.elementor-widget-image a img[src$=\".svg\"]{width:48px}.elementor-widget-image img{vertical-align:middle;display:inline-block}<\/style>\t\t\t\t\t\t\t\t\t\t<img fetchpriority=\"high\" decoding=\"async\" width=\"240\" height=\"241\" src=\"http:\/\/kserodruk.com.pl\/wp-content\/uploads\/2024\/02\/strz_n.png\" class=\"attachment-large size-large wp-image-665\" alt=\"\" srcset=\"http:\/\/kserodruk.com.pl\/wp-content\/uploads\/2024\/02\/strz_n.png 240w, http:\/\/kserodruk.com.pl\/wp-content\/uploads\/2024\/02\/strz_n-150x150.png 150w\" sizes=\"(max-width: 240px) 100vw, 240px\" \/>\t\t\t\t\t\t\t\t\t\t\t\t\t<\/div>\n\t\t\t\t<\/div>\n\t\t\t\t<div class=\"elementor-element elementor-element-929c28e elementor-widget elementor-widget-heading\" data-id=\"929c28e\" data-element_type=\"widget\" data-widget_type=\"heading.default\">\n\t\t\t\t<div class=\"elementor-widget-container\">\n\t\t\t<style>\/*! elementor - v3.19.0 - 07-02-2024 *\/\n.elementor-heading-title{padding:0;margin:0;line-height:1}.elementor-widget-heading .elementor-heading-title[class*=elementor-size-]>a{color:inherit;font-size:inherit;line-height:inherit}.elementor-widget-heading .elementor-heading-title.elementor-size-small{font-size:15px}.elementor-widget-heading .elementor-heading-title.elementor-size-medium{font-size:19px}.elementor-widget-heading .elementor-heading-title.elementor-size-large{font-size:29px}.elementor-widget-heading .elementor-heading-title.elementor-size-xl{font-size:39px}.elementor-widget-heading .elementor-heading-title.elementor-size-xxl{font-size:59px}<\/style><h2 class=\"elementor-heading-title elementor-size-default\">kserodruk to najni\u017csze ceny w mie\u015bcie i szybka realizacja<\/h2>\t\t<\/div>\n\t\t\t\t<\/div>\n\t\t\t\t<div class=\"elementor-element elementor-element-afa2d78 elementor-widget elementor-widget-heading\" data-id=\"afa2d78\" data-element_type=\"widget\" data-widget_type=\"heading.default\">\n\t\t\t\t<div class=\"elementor-widget-container\">\n\t\t\t<h2 class=\"elementor-heading-title elementor-size-default\">O nas<\/h2>\t\t<\/div>\n\t\t\t\t<\/div>\n\t\t\t\t<div class=\"elementor-element elementor-element-1f45bee elementor-widget elementor-widget-text-editor\" data-id=\"1f45bee\" data-element_type=\"widget\" data-widget_type=\"text-editor.default\">\n\t\t\t\t<div class=\"elementor-widget-container\">\n\t\t\t<style>\/*! elementor - v3.19.0 - 07-02-2024 *\/\n.elementor-widget-text-editor.elementor-drop-cap-view-stacked .elementor-drop-cap{background-color:#69727d;color:#fff}.elementor-widget-text-editor.elementor-drop-cap-view-framed .elementor-drop-cap{color:#69727d;border:3px solid;background-color:transparent}.elementor-widget-text-editor:not(.elementor-drop-cap-view-default) .elementor-drop-cap{margin-top:8px}.elementor-widget-text-editor:not(.elementor-drop-cap-view-default) .elementor-drop-cap-letter{width:1em;height:1em}.elementor-widget-text-editor .elementor-drop-cap{float:left;text-align:center;line-height:1;font-size:50px}.elementor-widget-text-editor .elementor-drop-cap-letter{display:inline-block}<\/style>\t\t\t\t<p>Najni\u017csze ceny w mie\u015bcie, bardzo szybkie terminy realizacji, najwy\u017csza jako\u015b\u0107 i profesjonalna obs\u0142uga to kr\u00f3tka charakterystyka firmy KSERODRUK.<\/p><p>Kserodruk to firma dzia\u0142aj\u0105c\u0105 na rynku w Jeleniej G\u00f3rze od 2006 roku. Nasze wieloletnie do\u015bwiadczenie w zakresie us\u0142ug kserograficznych i najnowocze\u015bniejszy park maszynowy pozwala spe\u0142ni\u0107 Pa\u0144stwa wymagania i zrealizowa\u0107 powierzone nam zadania w najwy\u017cszej jako\u015bci.<\/p><p>Pracujemy na urz\u0105dzeniach:<\/p><ul><li>druk, ksero, skan laserowy, cyfrowy, mono i w kolorze A4-A3 urz\u0105dzenia wielofunkcyjne &#8211; MINOLTA, RICOCH<\/li><li>druk, ksero, skan laserowy, cyfrowy, mono i w kolorze A2-A0+ urz\u0105dzenia wielofunkcyjne &#8211; CANON<\/li><li>Laminowanie do A3 &#8211; OPUS<\/li><li>Laminowanie z roli &#8211; OPUS<\/li><li>Oprawy: bindowanie, termooprawy, drutowe \u00a0kana\u0142owe \u2013 OPUS<\/li><\/ul><p>Specjalno\u015bci\u0105 naszej firmy jest wysoka jako\u015b\u0107 i kr\u00f3tki czas realizacji zlece\u0144, przy zachowaniu atrakcyjnej ceny. Sprawiamy by wsp\u00f3\u0142praca z nami by\u0142a przyjemno\u015bci\u0105 dla naszych klient\u00f3w i oszcz\u0119dno\u015bci\u0105 dla ich portfela.<\/p>\t\t\t\t\t\t<\/div>\n\t\t\t\t<\/div>\n\t\t\t\t\t<\/div>\n\t\t\t\t<\/div>\n\t\t\t\t<section class=\"elementor-section elementor-top-section elementor-element elementor-element-3239ca7 envato-kit-141 elementor-section-boxed elementor-section-height-default elementor-section-height-default\" data-id=\"3239ca7\" data-element_type=\"section\" data-settings=\"{&quot;background_background&quot;:&quot;classic&quot;}\">\n\t\t\t\t\t\t\t<div class=\"elementor-background-overlay\"><\/div>\n\t\t\t\t\t\t\t<div class=\"elementor-container elementor-column-gap-no\">\n\t\t\t\t\t<div class=\"elementor-column elementor-col-100 elementor-top-column elementor-element elementor-element-419886e\" data-id=\"419886e\" data-element_type=\"column\">\n\t\t\t<div class=\"elementor-widget-wrap elementor-element-populated\">\n\t\t\t\t\t\t<div class=\"elementor-element elementor-element-2e2f374 elementor-invisible elementor-widget elementor-widget-image\" data-id=\"2e2f374\" data-element_type=\"widget\" data-settings=\"{&quot;_animation&quot;:&quot;fadeInUp&quot;}\" data-widget_type=\"image.default\">\n\t\t\t\t<div class=\"elementor-widget-container\">\n\t\t\t\t\t\t\t\t\t\t\t\t\t<img decoding=\"async\" src=\"http:\/\/kserodruk.com.pl\/wp-content\/uploads\/2024\/03\/front.jpg\" title=\"front\" alt=\"front\" loading=\"lazy\" \/>\t\t\t\t\t\t\t\t\t\t\t\t\t<\/div>\n\t\t\t\t<\/div>\n\t\t\t\t\t<\/div>\n\t\t<\/div>\n\t\t\t\t\t<\/div>\n\t\t<\/section>\n\t\t\t\t<\/div>\n\t\t","protected":false},"excerpt":{"rendered":"<p>kserodruk to najni\u017csze ceny w mie\u015bcie i szybka realizacja O nas Najni\u017csze ceny w mie\u015bcie, bardzo szybkie terminy realizacji, najwy\u017csza [&hellip;]<\/p>\n","protected":false},"author":1,"featured_media":0,"parent":0,"menu_order":0,"comment_status":"closed","ping_status":"closed","template":"","meta":{"site-sidebar-layout":"no-sidebar","site-content-layout":"","ast-site-content-layout":"full-width-container","site-content-style":"default","site-sidebar-style":"default","ast-global-header-display":"disabled","ast-banner-title-visibility":"","ast-main-header-display":"","ast-hfb-above-header-display":"","ast-hfb-below-header-display":"","ast-hfb-mobile-header-display":"","site-post-title":"disabled","ast-breadcrumbs-content":"","ast-featured-img":"disabled","footer-sml-layout":"disabled","theme-transparent-header-meta":"","adv-header-id-meta":"","stick-header-meta":"","header-above-stick-meta":"","header-main-stick-meta":"","header-below-stick-meta":"","astra-migrate-meta-layouts":"default","ast-page-background-enabled":"default","ast-page-background-meta":{"desktop":{"background-color":"var(--ast-global-color-4)","background-image":"","background-repeat":"repeat","background-position":"center center","background-size":"auto","background-attachment":"scroll","background-type":"","background-media":"","overlay-type":"","overlay-color":"","overlay-gradient":""},"tablet":{"background-color":"","background-image":"","background-repeat":"repeat","background-position":"center center","background-size":"auto","background-attachment":"scroll","background-type":"","background-media":"","overlay-type":"","overlay-color":"","overlay-gradient":""},"mobile":{"background-color":"","background-image":"","background-repeat":"repeat","background-position":"center center","background-size":"auto","background-attachment":"scroll","background-type":"","background-media":"","overlay-type":"","overlay-color":"","overlay-gradient":""}},"ast-content-background-meta":{"desktop":{"background-color":"var(--ast-global-color-5)","background-image":"","background-repeat":"repeat","background-position":"center center","background-size":"auto","background-attachment":"scroll","background-type":"","background-media":"","overlay-type":"","overlay-color":"","overlay-gradient":""},"tablet":{"background-color":"var(--ast-global-color-5)","background-image":"","background-repeat":"repeat","background-position":"center center","background-size":"auto","background-attachment":"scroll","background-type":"","background-media":"","overlay-type":"","overlay-color":"","overlay-gradient":""},"mobile":{"background-color":"var(--ast-global-color-5)","background-image":"","background-repeat":"repeat","background-position":"center center","background-size":"auto","background-attachment":"scroll","background-type":"","background-media":"","overlay-type":"","overlay-color":"","overlay-gradient":""}},"footnotes":""},"class_list":["post-1343","page","type-page","status-publish","hentry"],"_links":{"self":[{"href":"http:\/\/kserodruk.com.pl\/index.php?rest_route=\/wp\/v2\/pages\/1343","targetHints":{"allow":["GET"]}}],"collection":[{"href":"http:\/\/kserodruk.com.pl\/index.php?rest_route=\/wp\/v2\/pages"}],"about":[{"href":"http:\/\/kserodruk.com.pl\/index.php?rest_route=\/wp\/v2\/types\/page"}],"author":[{"embeddable":true,"href":"http:\/\/kserodruk.com.pl\/index.php?rest_route=\/wp\/v2\/users\/1"}],"replies":[{"embeddable":true,"href":"http:\/\/kserodruk.com.pl\/index.php?rest_route=%2Fwp%2Fv2%2Fcomments&post=1343"}],"version-history":[{"count":36,"href":"http:\/\/kserodruk.com.pl\/index.php?rest_route=\/wp\/v2\/pages\/1343\/revisions"}],"predecessor-version":[{"id":2303,"href":"http:\/\/kserodruk.com.pl\/index.php?rest_route=\/wp\/v2\/pages\/1343\/revisions\/2303"}],"wp:attachment":[{"href":"http:\/\/kserodruk.com.pl\/index.php?rest_route=%2Fwp%2Fv2%2Fmedia&parent=1343"}],"curies":[{"name":"wp","href":"https:\/\/api.w.org\/{rel}","templated":true}]}}